{"id":4908,"date":"2025-09-08T14:17:55","date_gmt":"2025-09-08T14:17:55","guid":{"rendered":"https:\/\/globalmercistrading.com\/?page_id=4908"},"modified":"2025-09-09T19:10:25","modified_gmt":"2025-09-09T19:10:25","slug":"financiamiento","status":"publish","type":"page","link":"https:\/\/globalmercistrading.com\/en\/financiamiento\/","title":{"rendered":"Financiamiento"},"content":{"rendered":"<style>\n  .gme-hero{\n    margin:0 auto 14px;\n    padding: 160px 40px;\n    color:#e5e7eb;\n    background: linear-gradient(135deg, rgba(15, 23, 42, 0.95) 0%, rgba(17, 24, 39, 0.98) 100%), url('https:\/\/globalmercistrading.com\/wp-content\/uploads\/2025\/09\/pexels-photo-4195403.jpeg') no-repeat center center;\n    background-size: cover;\n    border-radius:14px;\n    box-shadow:0 14px 34px rgba(2,6,23,.35);\n    text-align: center;\n  }\n  @media (max-width: 900px) { .gme-hero { padding: 100px 25px; } }\n  .gme-hero h1{ margin: 0 auto 15px; font-size:48px; line-height:1.2; color:#fff; }\n  .gme-hero .gme-subtitle { font-size: 20px; color: #cbd5e1; line-height: 1.6; max-width: 600px; margin: 0 auto; }\n<\/style>\n<div class=\"gme-wrap-final\">\n  <section class=\"gme-hero\">\n    <h1>Financiamiento De Importaciones<\/h1>\n    <p class=\"gme-subtitle\">Financiamiento integral para tus importaciones, desde la compra hasta la entrega.<\/p>\n  <\/section>\n<\/div>\n<div class=\"gme-accent\"><\/div>\n\n\n\n<div class=\"wpcf7 no-js\" id=\"wpcf7-f4984-o1\" lang=\"es-ES\" dir=\"ltr\" data-wpcf7-id=\"4984\">\n<div class=\"screen-reader-response\"><p role=\"status\" aria-live=\"polite\" aria-atomic=\"true\"><\/p> <ul><\/ul><\/div>\n<form action=\"\/en\/wp-json\/wp\/v2\/pages\/4908#wpcf7-f4984-o1\" method=\"post\" class=\"wpcf7-form init\" aria-label=\"Formulario de contacto\" enctype=\"multipart\/form-data\" novalidate=\"novalidate\" data-status=\"init\" data-trp-original-action=\"\/en\/wp-json\/wp\/v2\/pages\/4908#wpcf7-f4984-o1\">\n<fieldset class=\"hidden-fields-container\"><input type=\"hidden\" name=\"_wpcf7\" value=\"4984\" \/><input type=\"hidden\" name=\"_wpcf7_version\" value=\"6.1.2\" \/><input type=\"hidden\" name=\"_wpcf7_locale\" value=\"es_ES\" \/><input type=\"hidden\" name=\"_wpcf7_unit_tag\" value=\"wpcf7-f4984-o1\" \/><input type=\"hidden\" name=\"_wpcf7_container_post\" value=\"0\" \/><input type=\"hidden\" name=\"_wpcf7_posted_data_hash\" value=\"\" \/><input type=\"hidden\" name=\"_wpcf7_recaptcha_response\" value=\"\" \/>\n<\/fieldset>\n<fieldset class=\"form-grid-2-col\">\n\t<p><br \/>\n<label>Empresa \/ Nombre (obligatorio)<\/label><br \/>\n<span class=\"wpcf7-form-control-wrap\" data-name=\"empresa\"><input size=\"40\" maxlength=\"400\" class=\"wpcf7-form-control wpcf7-text wpcf7-validates-as-required\" aria-required=\"true\" aria-invalid=\"false\" placeholder=\"Ej: Juan P\u00e9rez \/ Global Mercis S.A.\" value=\"\" type=\"text\" name=\"empresa\" \/><\/span>\n\t<\/p>\n\t<p><br \/>\n<label>Pa\u00eds (obligatorio)<\/label><br \/>\n<span class=\"wpcf7-form-control-wrap\" data-name=\"pais\"><input size=\"40\" maxlength=\"400\" class=\"wpcf7-form-control wpcf7-text wpcf7-validates-as-required\" aria-required=\"true\" aria-invalid=\"false\" placeholder=\"Ej: Uruguay\" value=\"\" type=\"text\" name=\"pais\" \/><\/span>\n\t<\/p>\n\t<p><br \/>\n<label>Email (obligatorio)<\/label><br \/>\n<span class=\"wpcf7-form-control-wrap\" data-name=\"email\"><input size=\"40\" maxlength=\"400\" class=\"wpcf7-form-control wpcf7-email wpcf7-validates-as-required wpcf7-text wpcf7-validates-as-email\" aria-required=\"true\" aria-invalid=\"false\" placeholder=\"tu@empresa.com\" value=\"\" type=\"email\" name=\"email\" \/><\/span>\n\t<\/p>\n\t<p><br \/>\n<label>WhatsApp (obligatorio)<\/label><br \/>\n<span class=\"wpcf7-form-control-wrap\" data-name=\"whatsapp\"><input size=\"40\" maxlength=\"400\" class=\"wpcf7-form-control wpcf7-tel wpcf7-validates-as-required wpcf7-text wpcf7-validates-as-tel\" aria-required=\"true\" aria-invalid=\"false\" placeholder=\"+598 9xxxxxxx\" value=\"\" type=\"tel\" name=\"whatsapp\" \/><\/span>\n\t<\/p>\n<\/fieldset>\n<p><label>Descripci\u00f3n del proyecto (obligatorio)<\/label><br \/>\n<span class=\"wpcf7-form-control-wrap\" data-name=\"descripcion\"><textarea cols=\"40\" rows=\"10\" maxlength=\"2000\" class=\"wpcf7-form-control wpcf7-textarea wpcf7-validates-as-required\" aria-required=\"true\" aria-invalid=\"false\" placeholder=\"Ej: Quiero importar calzado; cantidades aproximadas, ciudades de destino, etc.\" name=\"descripcion\"><\/textarea><\/span>\n<\/p>\n<h3>Detalles del Financiamiento\n<\/h3>\n<p><label>Valor Total de la Importaci\u00f3n (USD)<\/label><br \/>\n<span class=\"wpcf7-form-control-wrap\" data-name=\"valor_total\"><input size=\"40\" maxlength=\"400\" class=\"wpcf7-form-control wpcf7-text\" aria-invalid=\"false\" placeholder=\"Ej: 50000\" value=\"\" type=\"text\" name=\"valor_total\" \/><\/span>\n<\/p>\n<p><label>Aporte Inicial que Deseas Realizar (USD)<\/label><br \/>\n<span class=\"wpcf7-form-control-wrap\" data-name=\"aporte_inicial\"><input size=\"40\" maxlength=\"400\" class=\"wpcf7-form-control wpcf7-text\" aria-invalid=\"false\" placeholder=\"Ej: 15000\" value=\"\" type=\"text\" name=\"aporte_inicial\" \/><\/span>\n<\/p>\n<p><label>Proveedor<\/label><br \/>\n<span class=\"wpcf7-form-control-wrap\" data-name=\"proveedor\"><input size=\"40\" maxlength=\"400\" class=\"wpcf7-form-control wpcf7-text\" aria-invalid=\"false\" placeholder=\"Nombre o enlace (si ya tienes alguno)\" value=\"\" type=\"text\" name=\"proveedor\" \/><\/span>\n<\/p>\n<div class=\"finance-note\">\n\t<p>Normalmente se requiere un aporte inicial m\u00ednimo del 30% del valor total. Casos de financiamiento al 100% est\u00e1n sujetos a evaluaci\u00f3n de cr\u00e9dito.\n\t<\/p>\n<\/div>\n<p><label>Proforma \/ documentos (PDF\/JPG\/PNG)<\/label><br \/>\n<span class=\"wpcf7-form-control-wrap\" data-name=\"adjunto\"><input size=\"40\" class=\"wpcf7-form-control wpcf7-file\" accept=\".pdf,.jpg,.jpeg,.png\" aria-invalid=\"false\" type=\"file\" name=\"adjunto\" \/><\/span>\n<\/p>\n<p><input class=\"wpcf7-form-control wpcf7-submit has-spinner\" type=\"submit\" value=\"Enviar Solicitud\" \/>\n<\/p><div class=\"wpcf7-response-output\" aria-hidden=\"true\"><\/div>\n<input type=\"hidden\" name=\"trp-form-language\" value=\"en\"\/><\/form>\n<\/div>\n\n\n\n\n<script>\ndocument.addEventListener( 'wpcf7mailsent', function( event ) {\n    if ( '8c6d898' == event.detail.contactFormId ) {\n        location = 'https:\/\/globalmercistrading.com\/financiamiento-gracias\/';\n    }\n}, false );\n<\/script>","protected":false},"excerpt":{"rendered":"<p>Financiamiento De Importaciones Financiamiento integral para tus importaciones, desde la compra hasta la entrega.<\/p>","protected":false},"author":1,"featured_media":0,"parent":0,"menu_order":0,"comment_status":"closed","ping_status":"closed","template":"elementor_header_footer","meta":{"_uag_custom_page_level_css":"","site-sidebar-layout":"default","site-content-layout":"","ast-site-content-layout":"default","site-content-style":"default","site-sidebar-style":"default","ast-global-header-display":"","ast-banner-title-visibility":"","ast-main-header-display":"","ast-hfb-above-header-display":"","ast-hfb-below-header-display":"","ast-hfb-mobile-header-display":"","site-post-title":"","ast-breadcrumbs-content":"","ast-featured-img":"","footer-sml-layout":"","theme-transparent-header-meta":"","adv-header-id-meta":"","stick-header-meta":"","header-above-stick-meta":"","header-main-stick-meta":"","header-below-stick-meta":"","astra-migrate-meta-layouts":"set","ast-page-background-enabled":"default","ast-page-background-meta":{"desktop":{"background-color":"","background-image":"","background-repeat":"repeat","background-position":"center center","background-size":"auto","background-attachment":"scroll","background-type":"","background-media":"","overlay-type":"","overlay-color":"","overlay-opacity":"","overlay-gradient":""},"tablet":{"background-color":"","background-image":"","background-repeat":"repeat","background-position":"center center","background-size":"auto","background-attachment":"scroll","background-type":"","background-media":"","overlay-type":"","overlay-color":"","overlay-opacity":"","overlay-gradient":""},"mobile":{"background-color":"","background-image":"","background-repeat":"repeat","background-position":"center center","background-size":"auto","background-attachment":"scroll","background-type":"","background-media":"","overlay-type":"","overlay-color":"","overlay-opacity":"","overlay-gradient":""}},"ast-content-background-meta":{"desktop":{"background-color":"var(--ast-global-color-5)","background-image":"","background-repeat":"repeat","background-position":"center center","background-size":"auto","background-attachment":"scroll","background-type":"","background-media":"","overlay-type":"","overlay-color":"","overlay-opacity":"","overlay-gradient":""},"tablet":{"background-color":"var(--ast-global-color-5)","background-image":"","background-repeat":"repeat","background-position":"center center","background-size":"auto","background-attachment":"scroll","background-type":"","background-media":"","overlay-type":"","overlay-color":"","overlay-opacity":"","overlay-gradient":""},"mobile":{"background-color":"var(--ast-global-color-5)","background-image":"","background-repeat":"repeat","background-position":"center center","background-size":"auto","background-attachment":"scroll","background-type":"","background-media":"","overlay-type":"","overlay-color":"","overlay-opacity":"","overlay-gradient":""}},"footnotes":""},"class_list":["post-4908","page","type-page","status-publish","hentry"],"uagb_featured_image_src":{"full":false,"thumbnail":false,"medium":false,"medium_large":false,"large":false,"1536x1536":false,"2048x2048":false,"trp-custom-language-flag":false},"uagb_author_info":{"display_name":"roraimaflorida@gmail.com","author_link":"https:\/\/globalmercistrading.com\/en\/author\/roraimafloridagmail-com\/"},"uagb_comment_info":0,"uagb_excerpt":"Financiamiento De Importaciones Financiamiento integral para tus importaciones, desde la compra hasta la entrega.","_links":{"self":[{"href":"https:\/\/globalmercistrading.com\/en\/wp-json\/wp\/v2\/pages\/4908","targetHints":{"allow":["GET"]}}],"collection":[{"href":"https:\/\/globalmercistrading.com\/en\/wp-json\/wp\/v2\/pages"}],"about":[{"href":"https:\/\/globalmercistrading.com\/en\/wp-json\/wp\/v2\/types\/page"}],"author":[{"embeddable":true,"href":"https:\/\/globalmercistrading.com\/en\/wp-json\/wp\/v2\/users\/1"}],"replies":[{"embeddable":true,"href":"https:\/\/globalmercistrading.com\/en\/wp-json\/wp\/v2\/comments?post=4908"}],"version-history":[{"count":18,"href":"https:\/\/globalmercistrading.com\/en\/wp-json\/wp\/v2\/pages\/4908\/revisions"}],"predecessor-version":[{"id":4987,"href":"https:\/\/globalmercistrading.com\/en\/wp-json\/wp\/v2\/pages\/4908\/revisions\/4987"}],"wp:attachment":[{"href":"https:\/\/globalmercistrading.com\/en\/wp-json\/wp\/v2\/media?parent=4908"}],"curies":[{"name":"wp","href":"https:\/\/api.w.org\/{rel}","templated":true}]}}